{"id":286,"date":"2022-01-02T07:58:18","date_gmt":"2022-01-02T06:58:18","guid":{"rendered":"https:\/\/brazzobrazzone.com\/?page_id=286"},"modified":"2022-02-17T23:00:38","modified_gmt":"2022-02-17T22:00:38","slug":"impressum-datenschutz","status":"publish","type":"page","link":"https:\/\/brazzobrazzone.com\/index.php\/impressum-datenschutz\/","title":{"rendered":"Impressum &#038; Datenschutz"},"content":{"rendered":"\t\t<div data-elementor-type=\"wp-page\" data-elementor-id=\"286\" class=\"elementor elementor-286\">\n\t\t\t\t\t\t<section class=\"elementor-section elementor-top-section elementor-element elementor-element-40674f4 elementor-section-boxed elementor-section-height-default elementor-section-height-default\" data-id=\"40674f4\" data-element_type=\"section\">\n\t\t\t\t\t\t<div class=\"elementor-container elementor-column-gap-default\">\n\t\t\t\t\t<div class=\"elementor-column elementor-col-100 elementor-top-column elementor-element elementor-element-50eed76\" data-id=\"50eed76\" data-element_type=\"column\">\n\t\t\t<div class=\"elementor-widget-wrap elementor-element-populated\">\n\t\t\t\t\t\t<div class=\"elementor-element elementor-element-f2b635e elementor-widget elementor-widget-text-editor\" data-id=\"f2b635e\" data-element_type=\"widget\" data-widget_type=\"text-editor.default\">\n\t\t\t\t<div class=\"elementor-widget-container\">\n\t\t\t<style>\/*! elementor - v3.20.0 - 26-03-2024 *\/\n.elementor-widget-text-editor.elementor-drop-cap-view-stacked .elementor-drop-cap{background-color:#69727d;color:#fff}.elementor-widget-text-editor.elementor-drop-cap-view-framed .elementor-drop-cap{color:#69727d;border:3px solid;background-color:transparent}.elementor-widget-text-editor:not(.elementor-drop-cap-view-default) .elementor-drop-cap{margin-top:8px}.elementor-widget-text-editor:not(.elementor-drop-cap-view-default) .elementor-drop-cap-letter{width:1em;height:1em}.elementor-widget-text-editor .elementor-drop-cap{float:left;text-align:center;line-height:1;font-size:50px}.elementor-widget-text-editor .elementor-drop-cap-letter{display:inline-block}<\/style>\t\t\t\t<div>Impressum<\/div>\n<div>Angaben gem\u00e4\u00df \u00a7 5 TMG:<\/div>\n<div>Daniel Zeinoun \u2028Velberstr. 9&nbsp;<\/div>\n<div>30451 Hannover<\/div>\n<div>Kontakt:<\/div>\n<div>Telefon: 01525\/3580430 &nbsp;<\/div>\n<div>\u2028E-Mail: contact@brazzobrazzone.com<\/div>\n<div>&nbsp;<\/div>\n<div>Informationen zur Online Streitbeilegung finden Sie unter folgendem Link auf der OS Plattform:<\/div>\n<div><u>http:\/\/www.ec.europa.eu\/consumers\/odr<\/u><\/div>\n<div>Wir nehmen nicht an einem Streitbeilegungsverfahren vor einer Verbraucherschlichtungsstelle teil. Das Gesetzes \u00fcber die alternative Streitbeilegung in Verbrauchersachen fordert aber, dass wir Sie trotzdem auf eine f\u00fcr Sie zust\u00e4ndige Verbraucherschlichtungsstelle hinweisen:<\/div>\n<div>Allgemeine Verbraucherschlichtungsstelle des Zentrums f\u00fcr Schlichtung e. V.\u2028Stra\u00dfburger Str. 8\u202877694 Kehl<\/div>\n<div>Internet:&nbsp;<u>www.verbraucher-schlichter.de<\/u><\/div>\n<div>&nbsp;<\/div>\n<div>Haftung f\u00fcr Inhalte<\/div>\n<div>Als Diensteanbieter sind wir gem\u00e4\u00df \u00a7 7 Abs.1 TMG f\u00fcr eigene Inhalte auf diesen Seiten nach den allgemeinen Gesetzen verantwortlich. Nach \u00a7\u00a7 8 bis 10 TMG sind wir als Diensteanbieter jedoch nicht verpflichtet, \u00fcbermittelte oder gespeicherte fremde Informationen zu \u00fcberwachen oder nach Umst\u00e4nden zu forschen, die auf eine rechtswidrige T\u00e4tigkeit hinweisen.<\/div>\n<div>Verpflichtungen zur Entfernung oder Sperrung der Nutzung von Informationen nach den allgemeinen Gesetzen bleiben hiervon unber\u00fchrt. Eine diesbez\u00fcgliche Haftung ist jedoch erst ab dem Zeitpunkt der Kenntnis einer konkreten Rechtsverletzung m\u00f6glich. Bei Bekanntwerden von entsprechenden Rechtsverletzungen werden wir diese Inhalte umgehend entfernen.<\/div>\n<div>Haftung f\u00fcr Links<\/div>\n<div>Unser Angebot enth\u00e4lt Links zu externen Webseiten Dritter, auf deren Inhalte wir keinen Einfluss haben. Deshalb k\u00f6nnen wir f\u00fcr diese fremden Inhalte auch keine Gew\u00e4hr \u00fcbernehmen. F\u00fcr die Inhalte der verlinkten Seiten ist stets der jeweilige Anbieter oder Betreiber der Seiten verantwortlich. Die verlinkten Seiten wurden zum Zeitpunkt der Verlinkung auf m\u00f6gliche Rechtsverst\u00f6\u00dfe \u00fcberpr\u00fcft. Rechtswidrige Inhalte waren zum Zeitpunkt der Verlinkung nicht erkennbar.<\/div>\n<div>Eine permanente inhaltliche Kontrolle der verlinkten Seiten ist jedoch ohne konkrete Anhaltspunkte einer Rechtsverletzung nicht zumutbar. Bei Bekanntwerden von Rechtsverletzungen werden wir derartige Links umgehend entfernen.<\/div>\n<div>Urheberrecht<\/div>\n<div>Die durch die Seitenbetreiber erstellten Inhalte und Werke auf diesen Seiten unterliegen dem deutschen Urheberrecht. Die Vervielf\u00e4ltigung, Bearbeitung, Verbreitung und jede Art der Verwertung au\u00dferhalb der Grenzen des Urheberrechtes bed\u00fcrfen der schriftlichen Zustimmung des jeweiligen Autors bzw. Erstellers. Downloads und Kopien dieser Seite sind nur f\u00fcr den privaten, nicht kommerziellen Gebrauch gestattet.<\/div>\n<div>Soweit die Inhalte auf dieser Seite nicht vom Betreiber erstellt wurden, werden die Urheberrechte Dritter beachtet. Insbesondere werden Inhalte Dritter als solche gekennzeichnet. Sollten Sie trotzdem auf eine Urheberrechtsverletzung aufmerksam werden, bitten wir um einen entsprechenden Hinweis. Bei Bekanntwerden von Rechtsverletzungen werden wir derartige Inhalte umgehend entfernen.<\/div>\n<div>&nbsp;<\/div>\n<div>Datenschutzerkl\u00e4rung<\/div>\n<div>&nbsp;<\/div>\n<div>Datenschutz<\/div>\n<div>Die Betreiber dieser Seiten nehmen den Schutz Ihrer pers\u00f6nlichen Daten sehr ernst. Wir behandeln Ihre personenbezogenen Daten\u2028vertraulich und entsprechend der gesetzlichen Datenschutzvorschriften sowie dieserDatenschutzerkl\u00e4rung.<\/div>\n<div>Die Nutzung unserer Webseite ist in der Regel ohne Angabe personenbezogener Daten m\u00f6glich. Soweit auf unseren Seiten personenbezogene Daten (beispielsweise Name, Anschrift oder E-Mail-Adressen) erhoben werden, erfolgt dies, soweit m\u00f6glich, stets auf freiwilliger Basis. Diese Daten werden ohne Ihre ausdr\u00fcckliche Zustimmung nicht an Dritte weitergegeben.<\/div>\n<div>Wir weisen darauf hin, dass die Daten\u00fcbertragung im Internet (z.B. bei der Kommunikation per E-Mail) Sicherheitsl\u00fccken aufweisen kann. Ein l\u00fcckenloser Schutz der Daten vor dem Zugriff durch Dritte ist nicht m\u00f6glich.<\/div>\n<div>&nbsp;<\/div>\n<div>Cookies<\/div>\n<div>Die Internetseiten verwenden teilweise so genannte Cookies. Cookies richten auf Ihrem Rechner keinen Schaden an und enthalten keine Viren. Cookies dienen dazu, unser Angebot nutzerfreundlicher, effektiver und sicherer zu machen. Cookies sind kleine Textdateien, die auf Ihrem Rechner abgelegt werden und die Ihr Browser speichert.<\/div>\n<div>Die meisten der von uns verwendeten Cookies sind so genannte \u201eSession-Cookies\u201c. Sie werden nach Ende Ihres Besuchs automatisch gel\u00f6scht. Andere Cookies bleiben auf Ihrem Endger\u00e4t gespeichert, bis Sie diese l\u00f6schen.\u2028Diese Cookies erm\u00f6glichen es uns, Ihren Browser beim n\u00e4chsten Besuch wiederzuerkennen.<\/div>\n<div>Sie k\u00f6nnen Ihren Browser so einstellen, dass Sie \u00fcber das Setzen von Cookies informiert werden und Cookies nur im Einzelfall erlauben, die Annahme von Cookies f\u00fcr bestimmte F\u00e4lle oder generell ausschlie\u00dfen sowie das automatische L\u00f6schen der\u2028Cookies beim Schlie\u00dfen des Browser aktivieren. Bei der Deaktivierung von Cookies kann die Funktionalit\u00e4t dieser Website eingeschr\u00e4nkt sein.<\/div>\n<div>Server-Log-Files<\/div>\n<div>Der Provider der Seiten erhebt und speichert automatisch Informationen in so genannten Server-Log Files, die Ihr Browser automatisch an uns \u00fcbermittelt. Dies sind:<\/div>\n<ul>\n<li>Browsertyp und Browserversion<\/li>\n<li>verwendetes Betriebssystem<\/li>\n<li>Referrer URL<\/li>\n<li>Hostname des zugreifenden Rechners<\/li>\n<li>Uhrzeit der Serveranfrage<\/li>\n<\/ul>\n<div>Diese Daten sind nicht bestimmten Personen zuordenbar. Eine Zusammenf\u00fchrung dieser Daten mit anderen Datenquellen wird nicht vorgenommen. Wir behalten uns vor, diese Daten nachtr\u00e4glich zu pr\u00fcfen, wenn uns konkrete Anhaltspunkte f\u00fcr eine rechtswidrige Nutzung bekannt werden.<\/div>\n<div>&nbsp;<\/div>\n<div>Kontaktformular<\/div>\n<div>Wenn Sie uns per Kontaktformular Anfragen zukommen lassen, werden Ihre Angaben aus dem Anfrageformular inklusive der von Ihnen dort angegebenen Kontaktdaten zwecks Bearbeitung der Anfrage und f\u00fcr den Fall von Anschlussfragen bei uns gespeichert. Diese Daten geben wir nicht ohne Ihre Einwilligung weiter.<\/div>\n<div>&nbsp;<\/div>\n<div>Newsletterdaten<\/div>\n<div>Wenn Sie den auf der Webseite angebotenen Newsletter beziehen m\u00f6chten, ben\u00f6tigen wir von Ihnen eine E-Mail-Adresse sowie Informationen, welche uns die \u00dcberpr\u00fcfung gestatten, dass Sie der Inhaber der angegebenen E-Mail-Adresse sind und mit\u2028dem Empfang des Newsletters einverstanden sind. Weitere Daten werden nicht erhoben. Diese Daten verwenden wir ausschlie\u00dflich f\u00fcr den Versand der angeforderten Informationen und geben sie nicht an Dritte weiter&nbsp;<\/div>\n<div>Die erteilte Einwilligung zur Speicherung der Daten, der E-Mail-Adresse sowie deren Nutzung zum Versand des Newsletters k\u00f6nnen Sie jederzeit widerrufen, etwa \u00fcber den \u201eAustragen\u201c-Link im Newsletter.<\/div>\n<div>&nbsp;Google Analytics<\/div>\n<div>Diese Website nutzt Funktionen des Webanalysedienstes Google Analytics. Anbieter ist die Google Inc., 1600 Amphitheatre Parkway Mountain View, CA 94043, USA.<\/div>\n<div>Google Analytics verwendet so genannte \u201eCookies\u201c. Das sind Textdateien, die auf Ihrem Computer gespeichert werden und die eine\u2028Analyse der Benutzung der Website durch Sie erm\u00f6glichen. Die durch den Cookie erzeugten Informationen \u00fcber Ihre Benutzung dieser Website werden in der Regel an einen Server von Google in den USA \u00fcbertragen und dort gespeichert.<\/div>\n<div>IP-Anonymisierung<\/div>\n<div>Wir haben auf dieser Webseite die Funktion IP-Anonymisierung aktiviert. Dadurch wird Ihre IP-Adresse von Google innerhalb von Mitgliedstaaten der Europ\u00e4ischen Union oder in anderen Vertragsstaaten\u2028des Abkommens \u00fcber den Europ\u00e4ischen Wirtschaftsraum vor der \u00dcbermittlung in die\u2028USA gek\u00fcrzt. Nur in Ausnahmef\u00e4llen wird die volle IP-Adresse an einen Server von Google in\u2028den USA \u00fcbertragen und dort gek\u00fcrzt. Im Auftrag des Betreibers dieser Website wird Google\u2028diese Informationen benutzen, um Ihre Nutzung der Website auszuwerten, um Reports \u00fcber die\u2028Websiteaktivit\u00e4ten zusammenzustellen und um weitere mit der Websitenutzung und der\u2028Internetnutzung verbundene Dienstleistungen gegen\u00fcber dem Websitebetreiber zu erbringen. Die im\u2028Rahmen von Google Analytics von Ihrem Browser \u00fcbermittelte IP-Adresse wird nicht mit anderen\u2028Daten von Google zusammengef\u00fchrt.<\/div>\n<div>Browser Plugin<\/div>\n<div>Sie k\u00f6nnen die Speicherung der Cookies durch eine entsprechende Einstellung Ihrer Browser-Software\u2028verhindern; wir weisen Sie jedoch darauf hin, dass Sie in diesem Fall gegebenenfalls nicht s\u00e4mtlicheFunktionen dieser Website vollumf\u00e4nglich werden nutzen k\u00f6nnen. Sie k\u00f6nnen\u2028dar\u00fcber hinaus die Erfassung der durch den Cookie erzeugten und auf Ihre Nutzung der Website\u2028bezogenen Daten (inkl. Ihrer IP-Adresse) an Google sowie die Verarbeitung dieser Daten durch Google\u2028verhindern, indem Sie das unter dem folgenden Link verf\u00fcgbare Browser-Plugin herunterladen und\u2028installieren:&nbsp;<u>https:\/\/tools.google.com\/dlpage\/gaoptout?hl=de<\/u><\/div>\n<div>Widerspruch gegen\u2028Datenerfassung<\/div>\n<div>Sie k\u00f6nnen die Erfassung Ihrer Daten durch Google Analytics\u2028verhindern, indem Sie auf folgenden Link klicken. Es wird ein Opt-Out-Cookie gesetzt, der die Erfassung\u2028Ihrer Daten bei zuk\u00fcnftigen Besuchen dieser Website verhindert:&nbsp;\u2028Google Analytics deaktivieren<\/div>\n<div>Mehr Informationen zum Umgang mit Nutzerdaten bei Google\u2028Analytics finden Sie in der Datenschutzerkl\u00e4rung von Google:&nbsp;<u>https:\/\/support.google.com\/analytics\/answer\/6004245?hl=de<\/u><\/div>\n<div>Demografische Merkmale bei Google Analytics<\/div>\n<div>Diese Website nutzt die Funktion \u201cdemografische\u2028Merkmale\u201d von Google Analytics. Dadurch k\u00f6nnen Berichte erstellt werden, die Aussagen zu\u2028Alter, Geschlecht und Interessen der Seitenbesucher enthalten. Diese Daten stammen aus\u2028interessenbezogener Werbung von Google sowie aus Besucherdaten von Drittanbietern. Diese Daten\u2028k\u00f6nnen keiner bestimmten Person zugeordnet werden. Sie k\u00f6nnen diese Funktion jederzeit\u2028\u00fcber die Anzeigeneinstellungen in Ihrem Google-Konto deaktivieren oder die Erfassung Ihrer Daten\u2028durch Google Analytics wie im Punkt \u201cWiderspruch gegen Datenerfassung\u201d dargestellt\u2028generell untersagen.<\/div>\n<div>Facebook-Plugins (Like-Button)<\/div>\n<div>Auf unseren Seiten sind Plugins des sozialen Netzwerks Facebook, Anbieter Facebook Inc., 1 Hacker Way, Menlo\u2028Park, California 94025, USA, integriert. Die Facebook-Plugins erkennen Sie an dem Facebook-Logo oder\u2028dem \u201eLike-Button\u201c (\u201eGef\u00e4llt mir\u201c) auf unserer Seite. Eine \u00dcbersicht \u00fcber die Facebook-\u2028Plugins finden Sie hier:<u>http:\/\/developers.facebook.com\/docs\/plugins\/<\/u>.<\/div>\n<div>Wenn Sie unsere Seiten besuchen, wird \u00fcber das Plugin eine direkte Verbindung zwischen Ihrem Browser und dem Facebook-Server\u2028hergestellt. Facebook erh\u00e4lt dadurch die Information, dass Sie mit Ihrer IP-Adresse unsere Seite\u2028besucht haben. Wenn Sie den Facebook \u201eLike-Button\u201c anklicken w\u00e4hrend Sie in Ihrem Facebook-\u2028Account eingeloggt sind, k\u00f6nnen Sie die Inhalte unserer Seiten auf Ihrem Facebook-Profil verlinken.\u2028Dadurch kann Facebook den Besuch unserer Seiten Ihrem Benutzerkonto zuordnen. Wir weisen darauf\u2028hin, dass wir als Anbieter der Seiten keine Kenntnis vom Inhalt der \u00fcbermittelten Daten sowie deren\u2028Nutzung durch Facebook erhalten. Weitere Informationen hierzu finden Sie in der\u2028Datenschutzerkl\u00e4rung von Facebook unter&nbsp;<u>http:\/\/dede.facebook.com\/policy.php<\/u>.<\/div>\n<div>Wenn Sie nicht w\u00fcnschen, dass Facebook den Besuch\u2028unserer Seiten Ihrem Facebook-Nutzerkonto zuordnen kann, loggen Sie sich bitte aus Ihrem Facebook-\u2028Benutzerkonto aus.<\/div>\n<div>&nbsp;<\/div>\n<div>Twitter<\/div>\n<div>Auf unseren Seiten sind Funktionen des Dienstes Twitter eingebunden. Diese Funktionen werden angeboten durch die Twitter Inc., 1355 Market Street, Suite 900, San Francisco, CA 94103, USA. Durch das Benutzen von Twitter und der Funktion \u201eRe-\u2028Tweet\u201c werden die von Ihnen besuchten Webseiten mit Ihrem Twitter-Account verkn\u00fcpft und\u2028anderen Nutzern bekannt gegeben. Dabei werden auch Daten an Twitter \u00fcbertragen. Wir weisen\u2028darauf hin, dass wir als Anbieter der Seiten keine Kenntnis vom Inhalt der \u00fcbermittelten Daten sowie\u2028deren Nutzung durch Twitter erhalten. Weitere Informationen hierzu finden Sie in der\u2028Datenschutzerkl\u00e4rung von Twitter unter&nbsp;<u>http:\/\/twitter.com\/privacy<\/u>.<\/div>\n<div>Ihre Datenschutzeinstellungen bei Twitter k\u00f6nnen Sie in den Konto-Einstellungen unter:&nbsp;<u>http:\/\/twitter.com\/account\/settings<\/u>&nbsp;\u00e4ndern.<\/div>\n<div>&nbsp;<\/div>\n<div>Google+<\/div>\n<div>Unsere Seiten nutzen Funktionen von Google+. Anbieter ist die Google Inc., 1600 Amphitheatre Parkway\u2028Mountain View, CA 94043, USA.<\/div>\n<div>Erfassung und Weitergabe von Informationen: Mithilfe der Google+-Schaltfl\u00e4che k\u00f6nnen Sie Informationen weltweit ver\u00f6ffentlichen. \u00dcber die Google+-Schaltfl\u00e4che erhalten Sie und andere Nutzer personalisierte Inhalte von Google und\u2028unseren Partnern. Google speichert sowohl die Information, dass Sie f\u00fcr einen Inhalt +1 gegeben\u2028haben, als auch Informationen \u00fcber die Seite, die Sie beim Klicken auf +1 angesehen haben. Ihre\u2028+1 k\u00f6nnen als Hinweise zusammen mit Ihrem Profilnamen und Ihrem Foto in Google-Diensten, wie\u2028etwa in Suchergebnissen oder in Ihrem Google-Profil, oder an anderen Stellen auf Websites und\u2028Anzeigen im Internet eingeblendet werden.<\/div>\n<div>Google zeichnet Informationen \u00fcber Ihre +1-Aktivit\u00e4ten auf, um die Google-Dienste f\u00fcr Sie und andere zu verbessern. Um die Google+-Schaltfl\u00e4che verwenden zu k\u00f6nnen, ben\u00f6tigen Sie ein weltweit sichtbares,\u2028\u00f6ffentliches Google-Profil, das zumindest den f\u00fcr das Profil gew\u00e4hlten Namen enthalten\u2028muss. Dieser Name wird in allen Google-Diensten verwendet. In manchen F\u00e4llen kann dieser Name\u2028auch einen anderen Namen ersetzen, den Sie beim Teilen von Inhalten \u00fcber Ihr Google-Konto\u2028verwendet haben. Die Identit\u00e4t Ihres Google-Profils kann Nutzern angezeigt werden, die Ihre E-Mail-\u2028Adresse kennen oder \u00fcber andere identifizierende Informationen von Ihnen verf\u00fcgen.<\/div>\n<div>Verwendung der erfassten Informationen: Neben den oben erl\u00e4uterten Verwendungszwecken\u2028werden die von Ihnen bereitgestellten Informationen gem\u00e4\u00df den geltenden Google-\u2028Datenschutzbestimmungen genutzt. Google ver\u00f6ffentlicht m\u00f6glicherweise zusammengefasste\u2028Statistiken \u00fcber die +1-Aktivit\u00e4ten der Nutzer bzw. gibt diese an Nutzer und Partner weiter, wie\u2028etwa Publisher, Inserenten oder verbundene Websites.<\/div>\n<div>SoundCloud<\/div>\n<div>Auf unseren Seiten k\u00f6nnen Plugins des sozialen Netzwerks SoundCloud (SoundCloud Limited,\u2028Berners House, 47-48 Berners Street, London W1T 3NF, Gro\u00dfbritannien.) integriert sein. Die\u2028SoundCloud-Plugins erkennen Sie an dem SoundCloud-Logo auf den betroffenen Seiten.<\/div>\n<div>Wenn Sie unsere Seiten besuchen, wird nach Aktivierung des Plugin eine direkte Verbindung zwischen Ihrem\u2028Browser und dem SoundCloud-Server hergestellt. SoundCloud erh\u00e4lt dadurch die Information, dass\u2028Sie mit Ihrer IP-Adresse unsere Seite besucht haben. Wenn Sie den \u201eLike-Button\u201c oder\u2028\u201eShare-Button\u201c anklicken w\u00e4hrend Sie in Ihrem SoundCloud- Benutzerkonto eingeloggt\u2028sind, k\u00f6nnen Sie die Inhalte unserer Seiten mit Ihrem SoundCloud-Profil verlinken und\/oder teilen.\u2028Dadurch kann SoundCloud Ihrem Benutzerkonto den Besuch unserer Seiten zuordnen. Wir weisen darauf\u2028hin, dass wir als Anbieter der Seiten keine Kenntnis vom Inhalt der \u00fcbermittelten Daten sowie deren\u2028Nutzung durch SoundCloud erhalten. Weitere Informationen hierzu finden Sie in der\u2028Datenschutzerkl\u00e4rung von SoundCloud unter:&nbsp;<u>https:\/\/soundcloud.com\/pages\/privacy<\/u><\/div>\n<div>Wenn Sie nicht w\u00fcnschen, dass Soundcloud den\u2028Besuch unserer Seiten Ihrem SoundCloud- Benutzerkonto zuordnet, loggen Sie sich bitte aus Ihrem\u2028SoundCloud-Benutzerkonto aus bevor Sie Inhalte des SoundCloud-Plugins aktivieren.<\/div>\n<div>&nbsp;<\/div>\n<div>Spotify<\/div>\n<div>Auf unseren Seiten sind Funktionen des Musik-Dienstes Spotify eingebunden.\u2028Anbieter ist die Spotify AB, Birger Jarlsgatan 61, 113 56 Stockholm in Schweden. Die Spotify PlugIns\u2028erkennen Sie an dem gr\u00fcnen Logo auf unserer Seite. Eine \u00dcbersicht \u00fcber die Spotify-\u2028PlugIns finden Sie unter&nbsp;<u>https:\/\/developer.spotify.com<\/u><\/div>\n<div>Dadurch kann beim Besuch unserer Seiten \u00fcber das Plugin eine direkte Verbindung zwischen<\/div>\n<div>Ihrem Browser und dem Spotify-Server hergestellt werden. Spotify erh\u00e4lt dadurch die Information,\u2028dass Sie mit Ihrer IP-Adresse unsere Seite besucht haben. Wenn Sie den Spotify Button anklicken\u2028w\u00e4hrend Sie in Ihrem Spotify-Account eingeloggt sind, k\u00f6nnen Sie die Inhalte unserer Seiten\u2028auf Ihrem Spotify Profil verlinken. Dadurch kann Spotify den Besuch unserer Seiten Ihrem Benutzerkonto\u2028zuordnen.<\/div>\n<div>Weitere Informationen hierzu finden Sie in der Datenschutzerkl\u00e4rung von Spotify:<u>https:\/\/www.spotify.com\/de\/legal\/privacypolicy\/<\/u><\/div>\n<div>Wenn Sie nicht w\u00fcnschen, dass Spotify den Besuch unserer Seiten Ihrem\u2028Spotify-Nutzerkonto zuordnen kann, loggen Sie sich bitte aus Ihrem Spotify-Benutzerkonto aus.<\/div>\n<div>&nbsp;<\/div>\n<div>YouTube<\/div>\n<div>Unsere Webseite nutzt Plugins der von Google betriebenen Seite\u2028YouTube. Betreiber der Seiten ist die YouTube, LLC, 901 Cherry Ave., San Bruno, CA 94066, USA. Wenn\u2028Sie eine unserer mit einem YouTube-Plugin ausgestatteten Seiten besuchen, wird eine Verbindung zu\u2028den Servern von YouTube hergestellt. Dabei wird dem Youtube-Server mitgeteilt, welche unserer Seiten\u2028Sie besucht haben.<\/div>\n<div>Wenn Sie in Ihrem YouTube-Account eingeloggt sind erm\u00f6glichen Sie\u2028YouTube, Ihr Surfverhalten direkt Ihrem pers\u00f6nlichen Profil zuzuordnen. Dies k\u00f6nnen Sie\u2028verhindern, indem Sie sich aus Ihrem YouTube-Account ausloggen.<\/div>\n<div>Weitere Informationen zum\u2028Umgang von Nutzerdaten finden Sie in der Datenschutzerkl\u00e4rung von YouTube unter:&nbsp;<u>https:\/\/www.google.de\/intl\/de\/policies\/privacy<\/u><\/div>\n<div>&nbsp;<\/div>\n<div>SSL-Verschl\u00fcsselung<\/div>\n<div>Diese Seite nutzt aus Gr\u00fcnden der\u2028Sicherheit und zum Schutz der \u00dcbertragung vertraulicher Inhalte, wie zum Beispiel der Anfragen, die\u2028Sie an uns als Seitenbetreiber senden, eine SSL-Verschl\u00fcsselung. Eine verschl\u00fcsselte\u2028Verbindung erkennen Sie daran, dass die Adresszeile des Browsers von \u201ehttp:\/\/\u201c auf\u2028\u201ehttps:\/\/\u201c wechselt und an dem Schloss-Symbol in Ihrer Browserzeile.<\/div>\n<div>Wenn die SSL-Verschl\u00fcsselung aktiviert ist, k\u00f6nnen die Daten, die Sie an uns \u00fcbermitteln, nicht von\u2028Dritten mitgelesen werden.<\/div>\n<div>&nbsp;<\/div>\n<div>Recht auf Auskunft, L\u00f6schung, Sperrung<\/div>\n<div>Sie haben jederzeit das Recht auf unentgeltliche Auskunft \u00fcber Ihre gespeicherten\u2028personenbezogenen Daten, deren Herkunft und Empf\u00e4nger und den Zweck der Datenverarbeitung\u2028sowie ein Recht auf Berichtigung, Sperrung oder L\u00f6schung dieser Daten. Hierzu sowie zu weiteren\u2028Fragen zum Thema personenbezogene Daten k\u00f6nnen Sie sich jederzeit unter der im Impressum\u2028angegebenen Adresse an uns wenden.<\/div>\n<div>&nbsp;<\/div>\n<div>Widerspruch Werbe-Mails<\/div>\n<div>Der Nutzung von im Rahmen der Impressumspflicht ver\u00f6ffentlichten Kontaktdaten zur\u2028\u00dcbersendung von nicht ausdr\u00fccklich angeforderter Werbung und Informationsmaterialien wird\u2028hiermit widersprochen. Die Betreiber der Seiten behalten sich ausdr\u00fccklich rechtliche Schritte im\u2028Falle der unverlangten Zusendung von Werbeinformationen, etwa durch Spam-E-Mails, vor.Quelle: https:\/\/www.e-recht24.de<\/div>\n<p><\/p>\t\t\t\t\t\t<\/div>\n\t\t\t\t<\/div>\n\t\t\t\t\t<\/div>\n\t\t<\/div>\n\t\t\t\t\t<\/div>\n\t\t<\/section>\n\t\t\t\t<\/div>\n\t\t","protected":false},"excerpt":{"rendered":"<p>Impressum Angaben gem\u00e4\u00df \u00a7 5 TMG: Daniel Zeinoun \u2028Velberstr. 9&nbsp; 30451 Hannover Kontakt: Telefon: 01525\/3580430 &nbsp; \u2028E-Mail: contact@brazzobrazzone.com &nbsp; Informationen zur Online Streitbeilegung finden Sie unter folgendem Link auf der<\/p>\n<p class=\"more-link\"><a href=\"https:\/\/brazzobrazzone.com\/index.php\/impressum-datenschutz\/\" class=\"readmore\">Continue reading<span class=\"screen-reader-text\">Impressum &#038; Datenschutz<\/span><\/a><\/p>\n","protected":false},"author":1,"featured_media":0,"parent":0,"menu_order":0,"comment_status":"closed","ping_status":"closed","template":"","meta":{"_mi_skip_tracking":false,"footnotes":""},"class_list":["post-286","page","type-page","status-publish","hentry"],"_links":{"self":[{"href":"https:\/\/brazzobrazzone.com\/index.php\/wp-json\/wp\/v2\/pages\/286","targetHints":{"allow":["GET"]}}],"collection":[{"href":"https:\/\/brazzobrazzone.com\/index.php\/wp-json\/wp\/v2\/pages"}],"about":[{"href":"https:\/\/brazzobrazzone.com\/index.php\/wp-json\/wp\/v2\/types\/page"}],"author":[{"embeddable":true,"href":"https:\/\/brazzobrazzone.com\/index.php\/wp-json\/wp\/v2\/users\/1"}],"replies":[{"embeddable":true,"href":"https:\/\/brazzobrazzone.com\/index.php\/wp-json\/wp\/v2\/comments?post=286"}],"version-history":[{"count":13,"href":"https:\/\/brazzobrazzone.com\/index.php\/wp-json\/wp\/v2\/pages\/286\/revisions"}],"predecessor-version":[{"id":848,"href":"https:\/\/brazzobrazzone.com\/index.php\/wp-json\/wp\/v2\/pages\/286\/revisions\/848"}],"wp:attachment":[{"href":"https:\/\/brazzobrazzone.com\/index.php\/wp-json\/wp\/v2\/media?parent=286"}],"curies":[{"name":"wp","href":"https:\/\/api.w.org\/{rel}","templated":true}]}}