{"id":30,"date":"2021-12-31T17:36:53","date_gmt":"2021-12-31T16:36:53","guid":{"rendered":"https:\/\/brazzobrazzone.com\/?page_id=30"},"modified":"2024-01-31T14:38:44","modified_gmt":"2024-01-31T13:38:44","slug":"historia","status":"publish","type":"page","link":"https:\/\/brazzobrazzone.com\/index.php\/historia\/","title":{"rendered":"Historia"},"content":{"rendered":"\t\t<div data-elementor-type=\"wp-page\" data-elementor-id=\"30\" class=\"elementor elementor-30\">\n\t\t\t\t\t\t<section class=\"elementor-section elementor-top-section elementor-element elementor-element-cb1a9d3 elementor-section-boxed elementor-section-height-default elementor-section-height-default\" data-id=\"cb1a9d3\" data-element_type=\"section\">\n\t\t\t\t\t\t<div class=\"elementor-container elementor-column-gap-default\">\n\t\t\t\t\t<div class=\"elementor-column elementor-col-100 elementor-top-column elementor-element elementor-element-ddd5547\" data-id=\"ddd5547\" data-element_type=\"column\">\n\t\t\t<div class=\"elementor-widget-wrap elementor-element-populated\">\n\t\t\t\t\t\t<div class=\"elementor-element elementor-element-9ece42a elementor-widget elementor-widget-heading\" data-id=\"9ece42a\" data-element_type=\"widget\" data-widget_type=\"heading.default\">\n\t\t\t\t<div class=\"elementor-widget-container\">\n\t\t\t<style>\/*! elementor - v3.20.0 - 26-03-2024 *\/\n.elementor-heading-title{padding:0;margin:0;line-height:1}.elementor-widget-heading .elementor-heading-title[class*=elementor-size-]>a{color:inherit;font-size:inherit;line-height:inherit}.elementor-widget-heading .elementor-heading-title.elementor-size-small{font-size:15px}.elementor-widget-heading .elementor-heading-title.elementor-size-medium{font-size:19px}.elementor-widget-heading .elementor-heading-title.elementor-size-large{font-size:29px}.elementor-widget-heading .elementor-heading-title.elementor-size-xl{font-size:39px}.elementor-widget-heading .elementor-heading-title.elementor-size-xxl{font-size:59px}<\/style><h2 class=\"elementor-heading-title elementor-size-medium\">Die absolut echte Brazzo Geschichte - la verit\u00e1 totale:<\/h2>\t\t<\/div>\n\t\t\t\t<\/div>\n\t\t\t\t\t<\/div>\n\t\t<\/div>\n\t\t\t\t\t<\/div>\n\t\t<\/section>\n\t\t\t\t<section class=\"elementor-section elementor-top-section elementor-element elementor-element-ace9e2e elementor-section-boxed elementor-section-height-default elementor-section-height-default\" data-id=\"ace9e2e\" data-element_type=\"section\">\n\t\t\t\t\t\t<div class=\"elementor-container elementor-column-gap-default\">\n\t\t\t\t\t<div class=\"elementor-column elementor-col-50 elementor-top-column elementor-element elementor-element-8c4abb0\" data-id=\"8c4abb0\" data-element_type=\"column\">\n\t\t\t<div class=\"elementor-widget-wrap elementor-element-populated\">\n\t\t\t\t\t\t<div class=\"elementor-element elementor-element-1db1636 elementor-widget elementor-widget-text-editor\" data-id=\"1db1636\" data-element_type=\"widget\" data-widget_type=\"text-editor.default\">\n\t\t\t\t<div class=\"elementor-widget-container\">\n\t\t\t<style>\/*! elementor - v3.20.0 - 26-03-2024 *\/\n.elementor-widget-text-editor.elementor-drop-cap-view-stacked .elementor-drop-cap{background-color:#69727d;color:#fff}.elementor-widget-text-editor.elementor-drop-cap-view-framed .elementor-drop-cap{color:#69727d;border:3px solid;background-color:transparent}.elementor-widget-text-editor:not(.elementor-drop-cap-view-default) .elementor-drop-cap{margin-top:8px}.elementor-widget-text-editor:not(.elementor-drop-cap-view-default) .elementor-drop-cap-letter{width:1em;height:1em}.elementor-widget-text-editor .elementor-drop-cap{float:left;text-align:center;line-height:1;font-size:50px}.elementor-widget-text-editor .elementor-drop-cap-letter{display:inline-block}<\/style>\t\t\t\t<p><span style=\"color: #cc99ff;\">Brazzo Brazzone &amp; The World Brass Ensemble ist die einzige Italo-World-Groove\u00a0Brass Band ihrer Art weltweit!\u00a0Es war im Jahre 2012 als eine renommierte Forschergruppe begann sich mit dem Ph\u00e4nomen &#8222;Brazzo Brazzone&#8220; zu besch\u00e4ftigen, nachdem dem Urenkel Daniele (alias Daniel Zeinoun) im Traum der Urgro\u00dfvater erschienen war. Anschlie\u00dfend fand er auf dem Dachboden zuf\u00e4llig das antikes Sousaphon (im Prinzip eine Wickeltuba) und die verschollen geglaubten Orginalnoten wieder.<\/span><\/p><p><span style=\"color: #cc99ff;\">\u00a0Nach diesem sensationellen Fund war klar, dass Brazzo Brazzone ein Genie der 20er Jahre gewesen sein muss.<\/span><\/p><p><span style=\"color: #cc99ff;\">Weil damals das Geld f\u00fcr eine Schallplattenproduktion fehlte, kann man sich nur noch entfernt vorstellen wie gigantissimo die \u00a0Band geklungen hat.<\/span><\/p>\t\t\t\t\t\t<\/div>\n\t\t\t\t<\/div>\n\t\t\t\t\t<\/div>\n\t\t<\/div>\n\t\t\t\t<div class=\"elementor-column elementor-col-50 elementor-top-column elementor-element elementor-element-4f16108\" data-id=\"4f16108\" data-element_type=\"column\">\n\t\t\t<div class=\"elementor-widget-wrap elementor-element-populated\">\n\t\t\t\t\t\t<div class=\"elementor-element elementor-element-2c12fd0 elementor-widget elementor-widget-text-editor\" data-id=\"2c12fd0\" data-element_type=\"widget\" data-widget_type=\"text-editor.default\">\n\t\t\t\t<div class=\"elementor-widget-container\">\n\t\t\t\t\t\t\t<p><span style=\"color: #cc99ff;\">Dem World Brass Ensemble wurde die Aufgabe \u00fcbertragen die m\u00fchsam entziffert Schriftst\u00fccke lebendig zu machen und m\u00f6glichst authentisch zu rekonstruieren. Ziel der Forscher ist es die Wirkung der Musik an einem modernen Publikum auszuprobieren.\u00a0<\/span><\/p><p><span style=\"color: #cc99ff;\">\u00a0Selbstverst\u00e4ndlich spielen im World Brass Ensemble nur Mitglieder der Famiglia Brazzone:<\/span><\/p><p><span style=\"color: #cc99ff;\">Alle wuchsen mit der klassischen Brass Musica di Brazzone auf und k\u00f6nnen somit zu recht behaupten\u00a0die einzige Band der Brazzo Infernale Tradition zu sein, die uns erahnen l\u00e4sst, wof\u00fcr Brazzo Brazzone in den 20er Jahren in Palermo stand.\u00a0<\/span><\/p>\t\t\t\t\t\t<\/div>\n\t\t\t\t<\/div>\n\t\t\t\t\t<\/div>\n\t\t<\/div>\n\t\t\t\t\t<\/div>\n\t\t<\/section>\n\t\t\t\t<section class=\"elementor-section elementor-top-section elementor-element elementor-element-d822657 elementor-section-boxed elementor-section-height-default elementor-section-height-default\" data-id=\"d822657\" data-element_type=\"section\">\n\t\t\t\t\t\t<div class=\"elementor-container elementor-column-gap-default\">\n\t\t\t\t\t<div class=\"elementor-column elementor-col-100 elementor-top-column elementor-element elementor-element-51410cb\" data-id=\"51410cb\" data-element_type=\"column\">\n\t\t\t<div class=\"elementor-widget-wrap elementor-element-populated\">\n\t\t\t\t\t\t<div class=\"elementor-element elementor-element-d436bf3 elementor-widget elementor-widget-heading\" data-id=\"d436bf3\" data-element_type=\"widget\" data-widget_type=\"heading.default\">\n\t\t\t\t<div class=\"elementor-widget-container\">\n\t\t\t<h2 class=\"elementor-heading-title elementor-size-medium\">...und wie alles begann:<\/h2>\t\t<\/div>\n\t\t\t\t<\/div>\n\t\t\t\t\t<\/div>\n\t\t<\/div>\n\t\t\t\t\t<\/div>\n\t\t<\/section>\n\t\t\t\t<section class=\"elementor-section elementor-top-section elementor-element elementor-element-0d8b2f8 elementor-section-boxed elementor-section-height-default elementor-section-height-default\" data-id=\"0d8b2f8\" data-element_type=\"section\">\n\t\t\t\t\t\t<div class=\"elementor-container elementor-column-gap-default\">\n\t\t\t\t\t<div class=\"elementor-column elementor-col-50 elementor-top-column elementor-element elementor-element-bb726d3\" data-id=\"bb726d3\" data-element_type=\"column\">\n\t\t\t<div class=\"elementor-widget-wrap elementor-element-populated\">\n\t\t\t\t\t\t<div class=\"elementor-element elementor-element-39aecd2 elementor-widget elementor-widget-text-editor\" data-id=\"39aecd2\" data-element_type=\"widget\" data-widget_type=\"text-editor.default\">\n\t\t\t\t<div class=\"elementor-widget-container\">\n\t\t\t\t\t\t\t<p class=\"font_8\"><span class=\"color_29\" style=\"color: #ff6600;\">Die Brass Band \u201eBrazzo Brazzone &amp; The World Brass Ensemble\u201c wurde im Fr\u00fchjahr 2012 vom Jazz-Trompeter Daniel Zeinoun \u00a0gegr\u00fcndet.<\/span><\/p><p class=\"font_8\"><span style=\"color: #ff6600;\"><span class=\"color_29\"><span class=\"wixGuard\">\u200b<\/span><\/span><span class=\"color_29\">Der Legende nach erschien ihm \u00a0im Traum sein &#8211; bis dahin g\u00e4nzlich unbekannter &#8211; italienischer Urgro\u00dfvater Brazzo Brazzone und erteilte ihm den Auftrag das fabul\u00f6se World Brass Ensemble wiederzugr\u00fcnden. \u00a0 Die Band glaubt fest daran, dass der Urgro\u00dfvater die Brass Musik im generellen und die meisten Hits unserer Zeit erfunden hat.<\/span><\/span><\/p><p class=\"font_8\">\u00a0<\/p>\t\t\t\t\t\t<\/div>\n\t\t\t\t<\/div>\n\t\t\t\t\t<\/div>\n\t\t<\/div>\n\t\t\t\t<div class=\"elementor-column elementor-col-50 elementor-top-column elementor-element elementor-element-6865779\" data-id=\"6865779\" data-element_type=\"column\">\n\t\t\t<div class=\"elementor-widget-wrap elementor-element-populated\">\n\t\t\t\t\t\t<div class=\"elementor-element elementor-element-48cb0b6 elementor-widget elementor-widget-text-editor\" data-id=\"48cb0b6\" data-element_type=\"widget\" data-widget_type=\"text-editor.default\">\n\t\t\t\t<div class=\"elementor-widget-container\">\n\t\t\t\t\t\t\t<p class=\"font_8\"><span style=\"color: #ffcc00;\"><span class=\"color_29\" style=\"color: #ff6600;\">\u201eBrazzo Brazzone &amp; The World Brass Ensemble\u201c ist \u00a0die einzige Italo-World-Groove Brass Band ihrer Art weltweit.\u00a0<\/span><\/span><span style=\"color: #ff6600;\"><span class=\"color_29\">Der Sound der Band ist gepr\u00e4gt durch einen wilden Stilmix aus Jazz-,Rock,-Funk,- Latin,- &amp; Balkanbeats.<\/span><\/span><\/p><ul><li><span style=\"color: #ff6600;\"><span class=\"color_29\">2013 erschien die Debut-CD \u201eBest of Brazzo 1922-2013\u201c<\/span><\/span><\/li><li><span style=\"color: #ff6600; font-family: var( --e-global-typography-text-font-family ), Sans-serif; font-size: 1.125rem;\">2014 \u201eLess Conversation &#8211; more Action\u201c<\/span><\/li><li><span style=\"color: #ff6600;\"><span class=\"color_29\">2018 &#8222;Pi\u00fa colore \u00e9 \u00a0pi\u00fa Bello&#8220;\u00a0<\/span><\/span><\/li><li><span style=\"color: #ff6600;\"><span class=\"color_29\">2020 &#8222;Brazzo Tschambes&#8220;\u00a0<\/span><\/span><\/li><\/ul>\t\t\t\t\t\t<\/div>\n\t\t\t\t<\/div>\n\t\t\t\t\t<\/div>\n\t\t<\/div>\n\t\t\t\t\t<\/div>\n\t\t<\/section>\n\t\t\t\t<\/div>\n\t\t","protected":false},"excerpt":{"rendered":"<p>Die absolut echte Brazzo Geschichte &#8211; la verit\u00e1 totale: Brazzo Brazzone &amp; The World Brass Ensemble ist die einzige Italo-World-Groove&nbsp;Brass Band ihrer Art weltweit!&nbsp;Es war im Jahre 2012 als eine<\/p>\n<p class=\"more-link\"><a href=\"https:\/\/brazzobrazzone.com\/index.php\/historia\/\" class=\"readmore\">Continue reading<span class=\"screen-reader-text\">Historia<\/span><\/a><\/p>\n","protected":false},"author":1,"featured_media":0,"parent":0,"menu_order":0,"comment_status":"closed","ping_status":"closed","template":"","meta":{"_mi_skip_tracking":false,"footnotes":""},"class_list":["post-30","page","type-page","status-publish","hentry"],"_links":{"self":[{"href":"https:\/\/brazzobrazzone.com\/index.php\/wp-json\/wp\/v2\/pages\/30","targetHints":{"allow":["GET"]}}],"collection":[{"href":"https:\/\/brazzobrazzone.com\/index.php\/wp-json\/wp\/v2\/pages"}],"about":[{"href":"https:\/\/brazzobrazzone.com\/index.php\/wp-json\/wp\/v2\/types\/page"}],"author":[{"embeddable":true,"href":"https:\/\/brazzobrazzone.com\/index.php\/wp-json\/wp\/v2\/users\/1"}],"replies":[{"embeddable":true,"href":"https:\/\/brazzobrazzone.com\/index.php\/wp-json\/wp\/v2\/comments?post=30"}],"version-history":[{"count":58,"href":"https:\/\/brazzobrazzone.com\/index.php\/wp-json\/wp\/v2\/pages\/30\/revisions"}],"predecessor-version":[{"id":1293,"href":"https:\/\/brazzobrazzone.com\/index.php\/wp-json\/wp\/v2\/pages\/30\/revisions\/1293"}],"wp:attachment":[{"href":"https:\/\/brazzobrazzone.com\/index.php\/wp-json\/wp\/v2\/media?parent=30"}],"curies":[{"name":"wp","href":"https:\/\/api.w.org\/{rel}","templated":true}]}}